{"id":8,"date":"2016-03-14T20:47:08","date_gmt":"2016-03-14T20:47:08","guid":{"rendered":"http:\/\/sanora.ee\/?page_id=8"},"modified":"2024-02-16T14:26:37","modified_gmt":"2024-02-16T14:26:37","slug":"company-policy","status":"publish","type":"page","link":"https:\/\/sanora.ee\/et\/company-policy\/","title":{"rendered":"ETTEV\u00d5TTE POLIITIKA"},"content":{"rendered":"<div id=\"x-section-1\"  class=\"x-section   bg-image\"  style=\"margin: 0px; padding: 200px 0px 120px;  background-image: url(http:\/\/sanora.ee\/wp-content\/uploads\/2016\/03\/photo-1444718070663-99afd7176287.jpg); background-color: transparent;\"   data-x-element=\"section\" data-x-params=\"{&quot;type&quot;:&quot;image&quot;,&quot;parallax&quot;:false}\"><div  class=\"x-container   max width\"  style=\"margin: 0px auto; padding: 0px; \"   ><div  class=\"x-column x-sm x-1-1\" style=\"padding: 0px; \" >&nbsp;<\/div><\/div><\/div><div id=\"x-section-2\"  class=\"x-section   bg-image\"  style=\"margin: 0px; padding: 45px 0px;  background-image: url(http:\/\/sanora.ee\/wp-content\/uploads\/2016\/03\/proz3.png); background-color: transparent;\"   data-x-element=\"section\" data-x-params=\"{&quot;type&quot;:&quot;image&quot;,&quot;parallax&quot;:false}\"><div  class=\"x-container   max width\"  style=\"margin: 0px auto; padding: 0px; \"   ><div  class=\"x-column x-sm x-1-1\" style=\"padding: 0px; \" ><div  class=\"x-text\"    ><p><em>Meie ettev\u00f5te osutab teenusi, mis on seotud laevakere struktuuride hindamise- ja parandamisega, sealhulgas ka asjakohase dokumentatsiooni v\u00e4ljastamisega.<\/em><\/p>\n<p><em>Meie eesm\u00e4rk \u2013 pakkuda oma klientidele k\u00f5rge kvaliteedi tehnilise dokumentatsiooni kindla aja jooksul, sealhulgas optimaalseid remonditehnoloogilisi lahendusi.<\/em><\/p>\n<p><em>Oleme rakendanud vastastikku kasuliku koost\u00f6\u00f6 p\u00f5him\u00f5tteid k\u00f5ikide huvitatud osapoolte vahel, nagu: kliendid, meie t\u00f6\u00f6tajad, j\u00e4relevalve- ja kontrollorganisatsioonide esindajad.<\/em><\/p>\n<p><em>Kasutame oma \u00e4ri k\u00f5ikides valdkondades ainult kvalifitseeritud t\u00f6\u00f6tajaid. Iga t\u00f6\u00f6j\u00f5udu. Isiklik vastutus oma t\u00f6\u00f6 eest on selle t\u00f6\u00f6 kvaliteedi peamine kriteerium.<\/em><\/p>\n<p><em>K\u00f5ik meie ettev\u00f5tte t\u00f6\u00f6tajad jagavad kvaliteedijuhtimiss\u00fcsteemi p\u00f5him\u00f5tteid, igap\u00e4evaselt teevad t\u00f6\u00f6d selle arenemise nimel, m\u00f5istavad oma t\u00f6\u00f6 eesm\u00e4rke, n\u00e4evad ja juhivad saadud toodet. Kvaliteedijuhtimiss\u00fcsteem toimib, arvestades iga t\u00f6\u00f6taja hinnanguid.<\/em><\/p>\n<p><em>Ettev\u00f5te tulemuslikkuse pidev parandamine on meie \u00e4ritegevuse<br \/>\npeamine p\u00f5him\u00f5te.<\/em><\/p>\n<p><em>V\u00e4liste n\u00f5uete t\u00e4itmine, rahvusvahelisel standardil ISO 9001 p\u00f5hineva kvaliteedijuhtimiss\u00fcsteemi rakendamine ja edasiarendaus aitab meid pakkuda k\u00f5rgema kvaliteediga teenuseid ja meie klientidel olema kindel selles, et nad \u00f5igesti otsustasid valida meie ettev\u00f5te usaldusv\u00e4\u00e4rse teenusepakkujana.<\/em><\/p>\n<p><em>Andrei Mironov<\/em><br \/>\n<em>Peadirektor<\/em><\/p>\n<\/div><\/div><\/div><\/div>\n","protected":false},"excerpt":{"rendered":"","protected":false},"author":1,"featured_media":0,"parent":0,"menu_order":0,"comment_status":"closed","ping_status":"closed","template":"template-blank-1.php","meta":{"footnotes":""},"class_list":["post-8","page","type-page","status-publish","hentry","no-post-thumbnail"],"aioseo_notices":[],"_links":{"self":[{"href":"https:\/\/sanora.ee\/et\/wp-json\/wp\/v2\/pages\/8","targetHints":{"allow":["GET"]}}],"collection":[{"href":"https:\/\/sanora.ee\/et\/wp-json\/wp\/v2\/pages"}],"about":[{"href":"https:\/\/sanora.ee\/et\/wp-json\/wp\/v2\/types\/page"}],"author":[{"embeddable":true,"href":"https:\/\/sanora.ee\/et\/wp-json\/wp\/v2\/users\/1"}],"replies":[{"embeddable":true,"href":"https:\/\/sanora.ee\/et\/wp-json\/wp\/v2\/comments?post=8"}],"version-history":[{"count":15,"href":"https:\/\/sanora.ee\/et\/wp-json\/wp\/v2\/pages\/8\/revisions"}],"predecessor-version":[{"id":385,"href":"https:\/\/sanora.ee\/et\/wp-json\/wp\/v2\/pages\/8\/revisions\/385"}],"wp:attachment":[{"href":"https:\/\/sanora.ee\/et\/wp-json\/wp\/v2\/media?parent=8"}],"curies":[{"name":"wp","href":"https:\/\/api.w.org\/{rel}","templated":true}]}}