{"id":47,"date":"2016-03-14T23:15:28","date_gmt":"2016-03-14T23:15:28","guid":{"rendered":"http:\/\/sanora.ee\/?page_id=47"},"modified":"2019-11-21T15:50:21","modified_gmt":"2019-11-21T15:50:21","slug":"engineering-and-design-work","status":"publish","type":"page","link":"https:\/\/sanora.ee\/et\/engineering-and-design-work\/","title":{"rendered":"Inseneri- ja projekteerimist\u00f6\u00f6d"},"content":{"rendered":"<div id=\"x-section-1\"  class=\"x-section   bg-image\"  style=\"margin: 0px; padding: 100px 0px 300px;  background-image: url(http:\/\/sanora.ee\/wp-content\/uploads\/2016\/03\/photo-1430760903787-4d91bbf15384.jpg); background-color: transparent;\"   data-x-element=\"section\" data-x-params=\"{&quot;type&quot;:&quot;image&quot;,&quot;parallax&quot;:false}\"><div  class=\"x-container   max width\"  style=\"margin: 0px auto; padding: 0px; \"   ><div  class=\"x-column x-sm x-1-2\" style=\"padding: 0px; \" >\u00a0<\/div><div  class=\"x-column x-sm x-1-2\" style=\"padding: 0px; \" ><ul  class=\"x-feature-list\"  data-x-element=\"feature_list\" data-x-params=\"{&quot;animationOffset&quot;:&quot;50&quot;,&quot;animationDelayInitial&quot;:&quot;0&quot;,&quot;animationDelayBetween&quot;:&quot;300&quot;}\"><li  class=\"x-feature-box left-text top-text cf\" style=\" max-width: none;\" data-x-element=\"feature_box\" data-x-params=\"{&quot;child&quot;:true,&quot;graphicAnimation&quot;:&quot;none&quot;,&quot;connectorAnimation&quot;:&quot;none&quot;,&quot;alignH&quot;:&quot;left&quot;,&quot;alignV&quot;:&quot;top&quot;}\"><span class=\"x-feature-box-connector full\" style=\"font-size: 60px; left: 0; right: calc(100% - 60px); border-left: 1px dashed #272727;\"><span class=\"visually-hidden\">Connector.<\/span><\/span><div class=\"x-feature-box-graphic hexagon\" style=\"display: table-cell; vertical-align: top;\"><div class=\"x-feature-box-graphic-outer hexagon\" style=\" margin-right: 20px;\"><div class=\"x-feature-box-graphic-inner hexagon\" style=\"font-size: 60px; border-color: rgb(52, 152, 219);\"><i class=\"x-icon-codepen hexagon\" data-x-icon=\"&#xf1cb;\" style=\"margin: 0 auto; color: #ffffff; background-color: rgb(52, 152, 219);\"><\/i><\/div><\/div><\/div><div class=\"x-feature-box-content\" style=\"display: table-cell; vertical-align: top;\"><h4 class=\"x-feature-box-title\">3D t\u00f5uke- ja laeva anal\u00fc\u00fcs<\/h4><p class=\"x-feature-box-text\"><\/p><\/div><\/li><li  class=\"x-feature-box left-text top-text cf\" style=\" max-width: none;\" data-x-element=\"feature_box\" data-x-params=\"{&quot;child&quot;:true,&quot;graphicAnimation&quot;:&quot;none&quot;,&quot;connectorAnimation&quot;:&quot;none&quot;,&quot;alignH&quot;:&quot;left&quot;,&quot;alignV&quot;:&quot;top&quot;}\"><span class=\"x-feature-box-connector full\" style=\"font-size: 60px; left: 0; right: calc(100% - 60px); border-left: 1px dashed #272727;\"><span class=\"visually-hidden\">Connector.<\/span><\/span><div class=\"x-feature-box-graphic hexagon\" style=\"display: table-cell; vertical-align: top;\"><div class=\"x-feature-box-graphic-outer hexagon\" style=\" margin-right: 20px;\"><div class=\"x-feature-box-graphic-inner hexagon\" style=\"font-size: 60px; border-color: rgb(52, 152, 219);\"><i class=\"x-icon-codepen hexagon\" data-x-icon=\"&#xf1cb;\" style=\"margin: 0 auto; color: #ffffff; background-color: rgb(52, 152, 219);\"><\/i><\/div><\/div><\/div><div class=\"x-feature-box-content\" style=\"display: table-cell; vertical-align: top;\"><h4 class=\"x-feature-box-title\">Avamere ja insener-tehnilised ehitiste rajamine l\u00f5plike elementide meetodi abil (Finite Element Method, FEM)<\/h4><p class=\"x-feature-box-text\"><\/p><\/div><\/li><li  class=\"x-feature-box left-text top-text cf\" style=\" max-width: none;\" data-x-element=\"feature_box\" data-x-params=\"{&quot;child&quot;:true,&quot;graphicAnimation&quot;:&quot;none&quot;,&quot;connectorAnimation&quot;:&quot;none&quot;,&quot;alignH&quot;:&quot;left&quot;,&quot;alignV&quot;:&quot;top&quot;}\"><span class=\"x-feature-box-connector full\" style=\"font-size: 60px; left: 0; right: calc(100% - 60px); border-left: 1px dashed #272727;\"><span class=\"visually-hidden\">Connector.<\/span><\/span><div class=\"x-feature-box-graphic hexagon\" style=\"display: table-cell; vertical-align: top;\"><div class=\"x-feature-box-graphic-outer hexagon\" style=\" margin-right: 20px;\"><div class=\"x-feature-box-graphic-inner hexagon\" style=\"font-size: 60px; border-color: rgb(52, 152, 219);\"><i class=\"x-icon-codepen hexagon\" data-x-icon=\"&#xf1cb;\" style=\"margin: 0 auto; color: #ffffff; background-color: rgb(52, 152, 219);\"><\/i><\/div><\/div><\/div><div class=\"x-feature-box-content\" style=\"display: table-cell; vertical-align: top;\"><h4 class=\"x-feature-box-title\">Konstruktsioonitugevuse arvutamine vastavalt IACS-i (International Association of Classification Societies) tingimustele ja j\u00e4rgun\u00f5uetele<\/h4><p class=\"x-feature-box-text\"><\/p><\/div><\/li><\/ul><\/div><\/div><div  class=\"x-container   max width\"  style=\"margin: 0px auto; padding: 0px; \"   ><div  class=\"x-column x-sm x-1-1\" style=\"padding: 0px; \" ><hr  class=\"x-gap\" style=\"margin: 50px 0 0 0;\"><\/div><\/div><div  class=\"x-container   max width\"  style=\"margin: 0px auto; padding: 0px; \"   ><div  class=\"x-column x-sm x-1-1\" style=\"padding: 0px; \" >\u00a0<\/div><\/div><\/div>\n","protected":false},"excerpt":{"rendered":"","protected":false},"author":1,"featured_media":0,"parent":0,"menu_order":0,"comment_status":"closed","ping_status":"closed","template":"template-blank-1.php","meta":{"footnotes":""},"class_list":["post-47","page","type-page","status-publish","hentry","no-post-thumbnail"],"aioseo_notices":[],"_links":{"self":[{"href":"https:\/\/sanora.ee\/et\/wp-json\/wp\/v2\/pages\/47","targetHints":{"allow":["GET"]}}],"collection":[{"href":"https:\/\/sanora.ee\/et\/wp-json\/wp\/v2\/pages"}],"about":[{"href":"https:\/\/sanora.ee\/et\/wp-json\/wp\/v2\/types\/page"}],"author":[{"embeddable":true,"href":"https:\/\/sanora.ee\/et\/wp-json\/wp\/v2\/users\/1"}],"replies":[{"embeddable":true,"href":"https:\/\/sanora.ee\/et\/wp-json\/wp\/v2\/comments?post=47"}],"version-history":[{"count":10,"href":"https:\/\/sanora.ee\/et\/wp-json\/wp\/v2\/pages\/47\/revisions"}],"predecessor-version":[{"id":381,"href":"https:\/\/sanora.ee\/et\/wp-json\/wp\/v2\/pages\/47\/revisions\/381"}],"wp:attachment":[{"href":"https:\/\/sanora.ee\/et\/wp-json\/wp\/v2\/media?parent=47"}],"curies":[{"name":"wp","href":"https:\/\/api.w.org\/{rel}","templated":true}]}}