{"id":45,"date":"2016-03-14T23:14:42","date_gmt":"2016-03-14T23:14:42","guid":{"rendered":"http:\/\/sanora.ee\/?page_id=45"},"modified":"2019-11-21T15:47:14","modified_gmt":"2019-11-21T15:47:14","slug":"repair-team","status":"publish","type":"page","link":"https:\/\/sanora.ee\/et\/repair-team\/","title":{"rendered":"Remondimeeskond"},"content":{"rendered":"<div id=\"x-section-1\"  class=\"x-section   bg-image\"  style=\"margin: 0px; padding: 200px 0px;  background-image: url(http:\/\/sanora.ee\/wp-content\/uploads\/2016\/03\/careers-e1414423451358.jpg); background-color: transparent;\"   data-x-element=\"section\" data-x-params=\"{&quot;type&quot;:&quot;image&quot;,&quot;parallax&quot;:false}\"><div  class=\"x-container   max width\"  style=\"margin: 0px auto; padding: 0px; \"   ><div  class=\"x-column x-sm x-1-1\" style=\"padding: 0px; \" >\u00a0<\/div><\/div><\/div><div id=\"x-section-2\"  class=\"x-section   bg-image\"  style=\"margin: 0px; padding: 45px 0px;  background-image: url(http:\/\/sanora.ee\/wp-content\/uploads\/2016\/03\/proz3.png); background-color: transparent;\"   data-x-element=\"section\" data-x-params=\"{&quot;type&quot;:&quot;image&quot;,&quot;parallax&quot;:false}\"><div  class=\"x-container   max width\"  style=\"margin: 0px auto; padding: 0px; \"   ><div  class=\"x-column x-sm x-1-1\" style=\"padding: 0px; \" ><div  class=\"x-text\"    ><p>Kuna laevaremondit\u00f6\u00f6stuses on tegevusi, mis ei n\u00f5ua dokkimist ega hooviseadmeid, pakub SANORA SHIP SERVICE O\u00dc teenust, mille puhul saadetakse vajalikeks remondit\u00f6\u00f6deks pardale mobiilne meeskond. Lihtsasti teostavate t\u00f6\u00f6de tegemine laeva kasutamise ajal aitab s\u00e4\u00e4sta laevaomanike aega ja raha.<\/p>\n<\/div><\/div><\/div><\/div>\n","protected":false},"excerpt":{"rendered":"","protected":false},"author":1,"featured_media":0,"parent":0,"menu_order":0,"comment_status":"closed","ping_status":"closed","template":"template-blank-1.php","meta":{"footnotes":""},"class_list":["post-45","page","type-page","status-publish","hentry","no-post-thumbnail"],"aioseo_notices":[],"_links":{"self":[{"href":"https:\/\/sanora.ee\/et\/wp-json\/wp\/v2\/pages\/45","targetHints":{"allow":["GET"]}}],"collection":[{"href":"https:\/\/sanora.ee\/et\/wp-json\/wp\/v2\/pages"}],"about":[{"href":"https:\/\/sanora.ee\/et\/wp-json\/wp\/v2\/types\/page"}],"author":[{"embeddable":true,"href":"https:\/\/sanora.ee\/et\/wp-json\/wp\/v2\/users\/1"}],"replies":[{"embeddable":true,"href":"https:\/\/sanora.ee\/et\/wp-json\/wp\/v2\/comments?post=45"}],"version-history":[{"count":9,"href":"https:\/\/sanora.ee\/et\/wp-json\/wp\/v2\/pages\/45\/revisions"}],"predecessor-version":[{"id":380,"href":"https:\/\/sanora.ee\/et\/wp-json\/wp\/v2\/pages\/45\/revisions\/380"}],"wp:attachment":[{"href":"https:\/\/sanora.ee\/et\/wp-json\/wp\/v2\/media?parent=45"}],"curies":[{"name":"wp","href":"https:\/\/api.w.org\/{rel}","templated":true}]}}