{"id":2,"date":"2016-03-07T17:50:35","date_gmt":"2016-03-07T17:50:35","guid":{"rendered":"http:\/\/sanora.ee\/?page_id=2"},"modified":"2025-09-30T13:16:21","modified_gmt":"2025-09-30T13:16:21","slug":"about","status":"publish","type":"page","link":"https:\/\/sanora.ee\/et\/","title":{"rendered":"MEIST"},"content":{"rendered":"<div id=\"cs-content\" class=\"cs-content\"><div id=\"x-section-1\"  class=\"x-section bg-image\"  style=\"margin: 20px 0px 0px;padding: 40px 0px; background-image: url(http:\/\/sanora.ee\/wp-content\/uploads\/2016\/03\/sire-front-\u043a\u043e\u043f\u0438\u044f.jpg); background-color: transparent;\"   data-x-element=\"section\" data-x-params=\"{&quot;type&quot;:&quot;image&quot;,&quot;parallax&quot;:false}\"><div  class=\"x-container max width\"  style=\"margin: 0px auto;padding: 0px;\"   ><div  class=\"x-column x-sm x-1-1\" style=\"padding: 0px;\" ><div  class=\"x-text\"    ><p style=\"text-align: left;\"><span style=\"color: #ffffff;\">Tere<\/span> <span style=\"color: #ffffff;\">tulemast Sanora Ship Service veebilehele!<\/span><br \/>\n<span style=\"color: #ffffff;\">Meie ettev\u00f5te pakub mittepurustavaid uuringuid<\/span><br \/>\n<span style=\"color: #ffffff;\">Oleme IACS-i sertifitseeritud liikmed<\/span><\/p>\n<\/div><\/div><\/div><\/div><div id=\"x-section-2\"  class=\"x-section bg-image\"  style=\"margin: 0px;padding: 45px 0px; background-image: url(http:\/\/sanora.ee\/wp-content\/uploads\/2016\/03\/proz3.png); background-color: transparent;\"   data-x-element=\"section\" data-x-params=\"{&quot;type&quot;:&quot;image&quot;,&quot;parallax&quot;:false}\"><div  class=\"x-container max width\"  style=\"margin: 0px auto;padding: 0px;\"   ><div  class=\"x-column x-sm x-1-1\" style=\"padding: 0px;\" ><div  class=\"x-text\"    ><p><span style=\"font-weight: 400;\"><strong>SANORA SHIP SERVICE O\u00dc<\/strong> on mittepurustavaid uuringuid pakkuv ettev\u00f5te. Juba alates 1998. aastast aitavad ettev\u00f5tte kogemustega t\u00f6\u00f6tajad vigade avastamisel ning pakuvad parimaid lahendusi purustuste parandamiseks. Ettev\u00f5tte k\u00e4sutuses olev kaasaegne tehniline varustus lubab j\u00e4\u00e4kpaksuse m\u00f5\u00f5tmist v\u00e4rvi kahjustamata \u2013 see v\u00e4hendab tellija kulusid ja s\u00e4\u00e4stab keskkonda.<\/span><\/p>\n<p><img loading=\"lazy\" decoding=\"async\" class=\" wp-image-61 alignright\" src=\"http:\/\/sanora.ee\/wp-content\/uploads\/2016\/03\/04-1.png\" alt=\"04\" width=\"241\" height=\"232\" srcset=\"https:\/\/sanora.ee\/wp-content\/uploads\/2016\/03\/04-1.png 520w, https:\/\/sanora.ee\/wp-content\/uploads\/2016\/03\/04-1-100x96.png 100w\" sizes=\"auto, (max-width: 241px) 100vw, 241px\" \/><\/p>\n<p><span style=\"font-weight: 400;\">Ettev\u00f5te pakub oma teenuseid \u00fcle maailma. Kuna k\u00f5ikidel t\u00f6\u00f6tajatel on meremehe teenistusraamat, saab vigastusi laevakeres avastada samuti laeva kasutamise ajal \u2013 see v\u00e4hendab oluliselt nii laeva dokkimisaega kui ka remondikulusid. Meie t\u00f6\u00f6tajate koostatavad remondikava, varuosade kaalu eelarvutus ja aruanne laeva seisukorrast v\u00f5imaldab eelarvestada remondit\u00f6\u00f6de ligikaudseid kulusid juba enne parandust\u00f6id.<\/span><\/p>\n<p><span style=\"font-weight: 400;\">K\u00f5ikidele tellijatele pakume asjalikke ja tehnilisi lahendusi sisaldavaid remondit\u00f6id ning j\u00e4relevalvet. K\u00f5ik remondit\u00f6\u00f6d p\u00f5hinevad kaasaegsetel tehnoloogiatel ja kahjustavad keskkonda minimaalset.<\/span><\/p>\n<p><span style=\"font-weight: 400;\">Tunnustuse oleme p\u00e4lvinud paljudele partneritele, laevade omanikele ja ettev\u00f5tetele tehtud t\u00f6\u00f6de tegemise eest.<\/span><\/p>\n<p><span style=\"font-weight: 400;\">Laevaomanike usaldus meie vastu p\u00f5hineb aga meie ettev\u00f5tte t\u00e4nap\u00e4evasel tootmiskorraldusel, t\u00f6\u00f6tajate professionaalsusel ja tehtud t\u00f6\u00f6de kvaliteedil.<\/span><\/p>\n<p><span style=\"font-weight: 400;\">Paindlikkus t\u00f6\u00f6de tegemise asukoha valikul ja klientide soovidele kiiresti vastamine on v\u00f5imaldanud SANORA SHIP SERVICE O\u00dc-l edukalt konkureerida teiste samas valdkonnas tegutsevate ettev\u00f5tetega.<\/span><\/p>\n<\/div><\/div><\/div><div  class=\"x-container max width\"  style=\"margin: 0px auto;padding: 0px;\"   ><div  class=\"x-column x-sm x-1-1\" style=\"padding: 0px;\" ><div  class=\"x-text\"    ><p style=\"text-align: left;\"><span style=\"font-size: xx-large;\">Meie peamised arendusmeetodid on:<\/span><\/p>\n<\/div><\/div><\/div><div  class=\"x-container max width\"  style=\"margin: 0px auto;padding: 0px;\"   ><div  class=\"x-column x-sm x-1-1\" style=\"padding: 0px;\" ><ul  class=\"x-feature-list\"  data-x-element=\"feature_list\" data-x-params=\"{&quot;animationOffset&quot;:&quot;50&quot;,&quot;animationDelayInitial&quot;:&quot;0&quot;,&quot;animationDelayBetween&quot;:&quot;300&quot;}\"><li  class=\"x-feature-box left-text middle-text cf\" style=\" max-width: none;\" data-x-element=\"feature_box\" data-x-params=\"{&quot;child&quot;:true,&quot;graphicAnimation&quot;:&quot;none&quot;,&quot;connectorAnimation&quot;:&quot;none&quot;,&quot;alignH&quot;:&quot;left&quot;,&quot;alignV&quot;:&quot;middle&quot;}\"><span class=\"x-feature-box-connector upper\" style=\"font-size: 60px; left: 0; right: calc(100% - 60px); border-left: 1px solid #272727;\"><span class=\"visually-hidden\">Connector.<\/span><\/span><span class=\"x-feature-box-connector lower\" style=\"font-size: 60px; left: 0; right: calc(100% - 60px); border-left: 1px solid #272727;\"><span class=\"visually-hidden\">Connector.<\/span><\/span><div class=\"x-feature-box-graphic circle\" style=\"display: table-cell; vertical-align: middle;\"><div class=\"x-feature-box-graphic-outer circle\" style=\" margin-right: 20px;\"><div class=\"x-feature-box-graphic-inner circle\" style=\"font-size: 60px;\"><i class=\"x-icon-group circle\" data-x-icon=\"&#xf0c0;\" style=\"margin: 0 auto; color: #ffffff; background-color: rgb(52, 152, 219);\"><\/i><\/div><\/div><\/div><div class=\"x-feature-box-content\" style=\"display: table-cell; vertical-align: middle;\"><h4 class=\"x-feature-box-title\">k\u00f5rge kvalifikatsiooniga t\u00f6\u00f6tajad<\/h4><p class=\"x-feature-box-text\"><\/p><\/div><\/li><li  class=\"x-feature-box left-text middle-text cf\" style=\" max-width: none;\" data-x-element=\"feature_box\" data-x-params=\"{&quot;child&quot;:true,&quot;graphicAnimation&quot;:&quot;none&quot;,&quot;connectorAnimation&quot;:&quot;none&quot;,&quot;alignH&quot;:&quot;left&quot;,&quot;alignV&quot;:&quot;middle&quot;}\"><span class=\"x-feature-box-connector upper\" style=\"font-size: 60px; left: 0; right: calc(100% - 60px); border-left: 1px solid #272727;\"><span class=\"visually-hidden\">Connector.<\/span><\/span><span class=\"x-feature-box-connector lower\" style=\"font-size: 60px; left: 0; right: calc(100% - 60px); border-left: 1px solid #272727;\"><span class=\"visually-hidden\">Connector.<\/span><\/span><div class=\"x-feature-box-graphic circle\" style=\"display: table-cell; vertical-align: middle;\"><div class=\"x-feature-box-graphic-outer circle\" style=\" margin-right: 20px;\"><div class=\"x-feature-box-graphic-inner circle\" style=\"font-size: 60px;\"><i class=\"x-icon-male circle\" data-x-icon=\"&#xf183;\" style=\"margin: 0 auto; color: #ffffff; background-color: rgb(52, 152, 219);\"><\/i><\/div><\/div><\/div><div class=\"x-feature-box-content\" style=\"display: table-cell; vertical-align: middle;\"><h4 class=\"x-feature-box-title\">klientidele suunatud l\u00e4henemine kestev<\/h4><p class=\"x-feature-box-text\"><\/p><\/div><\/li><li  class=\"x-feature-box left-text middle-text cf\" style=\" max-width: none;\" data-x-element=\"feature_box\" data-x-params=\"{&quot;child&quot;:true,&quot;graphicAnimation&quot;:&quot;none&quot;,&quot;connectorAnimation&quot;:&quot;none&quot;,&quot;alignH&quot;:&quot;left&quot;,&quot;alignV&quot;:&quot;middle&quot;}\"><span class=\"x-feature-box-connector upper\" style=\"font-size: 60px; left: 0; right: calc(100% - 60px); border-left: 1px solid #272727;\"><span class=\"visually-hidden\">Connector.<\/span><\/span><span class=\"x-feature-box-connector lower\" style=\"font-size: 60px; left: 0; right: calc(100% - 60px); border-left: 1px solid #272727;\"><span class=\"visually-hidden\">Connector.<\/span><\/span><div class=\"x-feature-box-graphic circle\" style=\"display: table-cell; vertical-align: middle;\"><div class=\"x-feature-box-graphic-outer circle\" style=\" margin-right: 20px;\"><div class=\"x-feature-box-graphic-inner circle\" style=\"font-size: 60px;\"><i class=\"x-icon-wrench circle\" data-x-icon=\"&#xf0ad;\" style=\"margin: 0 auto; color: #ffffff; background-color: rgb(52, 152, 219);\"><\/i><\/div><\/div><\/div><div class=\"x-feature-box-content\" style=\"display: table-cell; vertical-align: middle;\"><h4 class=\"x-feature-box-title\">uute t\u00f6\u00f6meetodite v\u00e4ljaarendamine<\/h4><p class=\"x-feature-box-text\"><\/p><\/div><\/li><li  class=\"x-feature-box left-text middle-text cf\" style=\" max-width: none;\" data-x-element=\"feature_box\" data-x-params=\"{&quot;child&quot;:true,&quot;graphicAnimation&quot;:&quot;none&quot;,&quot;connectorAnimation&quot;:&quot;none&quot;,&quot;alignH&quot;:&quot;left&quot;,&quot;alignV&quot;:&quot;middle&quot;}\"><span class=\"x-feature-box-connector upper\" style=\"font-size: 60px; left: 0; right: calc(100% - 60px); border-left: 1px solid #272727;\"><span class=\"visually-hidden\">Connector.<\/span><\/span><span class=\"x-feature-box-connector lower\" style=\"font-size: 60px; left: 0; right: calc(100% - 60px); border-left: 1px solid #272727;\"><span class=\"visually-hidden\">Connector.<\/span><\/span><div class=\"x-feature-box-graphic circle\" style=\"display: table-cell; vertical-align: middle;\"><div class=\"x-feature-box-graphic-outer circle\" style=\" margin-right: 20px;\"><div class=\"x-feature-box-graphic-inner circle\" style=\"font-size: 60px;\"><i class=\"x-icon-download circle\" data-x-icon=\"&#xf019;\" style=\"margin: 0 auto; color: #ffffff; background-color: rgb(52, 152, 219);\"><\/i><\/div><\/div><\/div><div class=\"x-feature-box-content\" style=\"display: table-cell; vertical-align: middle;\"><h4 class=\"x-feature-box-title\">m\u00f5\u00f5teseadmete pidev uuendamine Hea klient ja koost\u00f6\u00f6partner!<\/h4><p class=\"x-feature-box-text\"><\/p><\/div><\/li><\/ul><\/div><\/div><div  class=\"x-container max width\"  style=\"margin: 0px auto;padding: 0px;\"   ><div  class=\"x-column x-sm x-1-1\" style=\"padding: 0px;\" ><hr  class=\"x-gap\" style=\"margin: 50px 0 0 0;\"><div  class=\"x-text\"    ><p><img loading=\"lazy\" decoding=\"async\" class=\"aligncenter size-full wp-image-262\" src=\"\/wp-content\/uploads\/2024\/02\/poloskalogo3.png\" alt=\"poloskalogo2\" width=\"1000\" height=\"100\" \/><\/p>\n<\/div><\/div><\/div><div  class=\"x-container max width\"  style=\"margin: 0px auto;padding: 0px;\"   ><div  class=\"x-column x-sm x-1-1\" style=\"padding: 0px;\" ><hr  class=\"x-gap\" style=\"margin: 50px 0 0 0;\"><ul  class=\"x-block-grid four-up\" ><li  class=\"x-block-grid-item\" ><img loading=\"lazy\" decoding=\"async\" class=\"alignleft  wp-image-245\" src=\"\/wp-content\/uploads\/2024\/02\/DNV_cert.png\" alt=\"asddasadsads\" width=\"105\" height=\"98\" \/><\/li><li  class=\"x-block-grid-item\" >\n<hr  class=\"x-gap\" style=\"margin: 1.313em 0 0 0;\">\nSanora Ship Service<\/li><li  class=\"x-block-grid-item\" >\n<p>Tel: +372 6980064<\/li><li  class=\"x-block-grid-item\" >\n<p style=\"text-align: left;\">E-mail: info@sanora.ee<\/li><\/ul><\/div><\/div><\/div><\/div>\n","protected":false},"excerpt":{"rendered":"","protected":false},"author":1,"featured_media":0,"parent":0,"menu_order":0,"comment_status":"closed","ping_status":"closed","template":"template-blank-1.php","meta":{"footnotes":""},"class_list":["post-2","page","type-page","status-publish","hentry","no-post-thumbnail"],"aioseo_notices":[],"_links":{"self":[{"href":"https:\/\/sanora.ee\/et\/wp-json\/wp\/v2\/pages\/2","targetHints":{"allow":["GET"]}}],"collection":[{"href":"https:\/\/sanora.ee\/et\/wp-json\/wp\/v2\/pages"}],"about":[{"href":"https:\/\/sanora.ee\/et\/wp-json\/wp\/v2\/types\/page"}],"author":[{"embeddable":true,"href":"https:\/\/sanora.ee\/et\/wp-json\/wp\/v2\/users\/1"}],"replies":[{"embeddable":true,"href":"https:\/\/sanora.ee\/et\/wp-json\/wp\/v2\/comments?post=2"}],"version-history":[{"count":125,"href":"https:\/\/sanora.ee\/et\/wp-json\/wp\/v2\/pages\/2\/revisions"}],"predecessor-version":[{"id":413,"href":"https:\/\/sanora.ee\/et\/wp-json\/wp\/v2\/pages\/2\/revisions\/413"}],"wp:attachment":[{"href":"https:\/\/sanora.ee\/et\/wp-json\/wp\/v2\/media?parent=2"}],"curies":[{"name":"wp","href":"https:\/\/api.w.org\/{rel}","templated":true}]}}