{"id":138,"date":"2016-03-15T21:30:21","date_gmt":"2016-03-15T21:30:21","guid":{"rendered":"http:\/\/sanora.ee\/?page_id=138"},"modified":"2019-11-21T15:51:59","modified_gmt":"2019-11-21T15:51:59","slug":"rope-access","status":"publish","type":"page","link":"https:\/\/sanora.ee\/et\/rope-access\/","title":{"rendered":"Alpinism"},"content":{"rendered":"<div id=\"x-section-1\"  class=\"x-section   bg-image\"  style=\"margin: 0px; padding: 150px 0px 300px;  background-image: url(http:\/\/sanora.ee\/wp-content\/uploads\/2016\/03\/Rope-Access-edited.jpg); background-color: transparent;\"   data-x-element=\"section\" data-x-params=\"{&quot;type&quot;:&quot;image&quot;,&quot;parallax&quot;:false}\"><div  class=\"x-container   max width\"  style=\"margin: 0px auto; padding: 0px; \"   ><div  class=\"x-column x-sm x-1-1\" style=\"padding: 0px; \" >\u00a0<\/div><\/div><\/div><div id=\"x-section-2\"  class=\"x-section   bg-image\"  style=\"margin: 0px; padding: 45px 0px;  background-image: url(http:\/\/sanora.ee\/wp-content\/uploads\/2016\/03\/fong2.png); background-color: transparent;\"   data-x-element=\"section\" data-x-params=\"{&quot;type&quot;:&quot;image&quot;,&quot;parallax&quot;:false}\"><div  class=\"x-container   max width\"  style=\"margin: 0px auto; padding: 0px; \"   ><div  class=\"x-column x-sm x-1-1\" style=\"padding: 0px; \" ><div  class=\"x-text\"    ><p>SANORA SHIP SERVICE O\u00dc pakub k\u00f6ies\u00fcsteemide abil v\u00f5imalust j\u00f5uda piiratud juurdep\u00e4\u00e4suga laevadele. K\u00f5ik meie alpinismi-tehnikud on koolitatud, sertifitseeritud ja registreeritud IRATA-s (Industrial Rope Access Trade Association). Alpinistide t\u00f6\u00f6d saab soovi korral j\u00e4lgida veebikaamera kaudu.<\/p>\n<\/div><\/div><\/div><\/div>\n","protected":false},"excerpt":{"rendered":"","protected":false},"author":1,"featured_media":0,"parent":0,"menu_order":0,"comment_status":"closed","ping_status":"closed","template":"template-blank-1.php","meta":{"footnotes":""},"class_list":["post-138","page","type-page","status-publish","hentry","no-post-thumbnail"],"aioseo_notices":[],"_links":{"self":[{"href":"https:\/\/sanora.ee\/et\/wp-json\/wp\/v2\/pages\/138","targetHints":{"allow":["GET"]}}],"collection":[{"href":"https:\/\/sanora.ee\/et\/wp-json\/wp\/v2\/pages"}],"about":[{"href":"https:\/\/sanora.ee\/et\/wp-json\/wp\/v2\/types\/page"}],"author":[{"embeddable":true,"href":"https:\/\/sanora.ee\/et\/wp-json\/wp\/v2\/users\/1"}],"replies":[{"embeddable":true,"href":"https:\/\/sanora.ee\/et\/wp-json\/wp\/v2\/comments?post=138"}],"version-history":[{"count":12,"href":"https:\/\/sanora.ee\/et\/wp-json\/wp\/v2\/pages\/138\/revisions"}],"predecessor-version":[{"id":382,"href":"https:\/\/sanora.ee\/et\/wp-json\/wp\/v2\/pages\/138\/revisions\/382"}],"wp:attachment":[{"href":"https:\/\/sanora.ee\/et\/wp-json\/wp\/v2\/media?parent=138"}],"curies":[{"name":"wp","href":"https:\/\/api.w.org\/{rel}","templated":true}]}}